{"id":107,"date":"2022-12-13T08:32:22","date_gmt":"2022-12-13T08:32:22","guid":{"rendered":"https:\/\/abramovich.servidoronline.net\/our-menu\/"},"modified":"2026-01-30T16:03:32","modified_gmt":"2026-01-30T16:03:32","slug":"bio","status":"publish","type":"page","link":"https:\/\/arielabramovich.com\/en\/bio\/","title":{"rendered":"Biography"},"content":{"rendered":"<div data-elementor-type=\"wp-page\" data-elementor-id=\"107\" class=\"elementor elementor-107\" data-elementor-post-type=\"page\">\n\t\t\t\t<div class=\"elementor-element elementor-element-430ff8b e-flex e-con-boxed e-con e-parent\" data-id=\"430ff8b\" data-element_type=\"container\" data-e-type=\"container\" data-settings=\"{&quot;background_background&quot;:&quot;classic&quot;}\">\n\t\t\t\t\t<div class=\"e-con-inner\">\n\t\t<div class=\"elementor-element elementor-element-bf5df61 e-con-full e-flex e-con e-child\" data-id=\"bf5df61\" data-element_type=\"container\" data-e-type=\"container\">\n\t\t\t\t<\/div>\n\t\t\t\t\t<\/div>\n\t\t\t\t<\/div>\n\t\t<div class=\"elementor-element elementor-element-26135a2 e-flex e-con-boxed e-con e-parent\" data-id=\"26135a2\" data-element_type=\"container\" data-e-type=\"container\" data-settings=\"{&quot;background_background&quot;:&quot;classic&quot;}\">\n\t\t\t\t\t<div class=\"e-con-inner\">\n\t\t<div class=\"elementor-element elementor-element-d845488 e-con-full e-flex e-con e-child\" data-id=\"d845488\" data-element_type=\"container\" data-e-type=\"container\" data-settings=\"{&quot;background_background&quot;:&quot;classic&quot;}\">\n\t\t\t\t<div class=\"elementor-element elementor-element-3a8f198 elementor-widget elementor-widget-text-editor\" data-id=\"3a8f198\" data-element_type=\"widget\" data-e-type=\"widget\" data-widget_type=\"text-editor.default\">\n\t\t\t\t\t\t\t\t\tAriel Abramovich\t\t\t\t\t\t\t\t<\/div>\n\t\t\t\t<div class=\"elementor-element elementor-element-6fc4f51 elementor-widget elementor-widget-image\" data-id=\"6fc4f51\" data-element_type=\"widget\" data-e-type=\"widget\" data-widget_type=\"image.default\">\n\t\t\t\t\t\t\t\t\t\t\t\t<figure class=\"wp-caption\">\n\t\t\t\t\t\t\t\t\t\t\t<a href=\"https:\/\/www.instagram.com\/pablofjuarez\/\" target=\"_blank\">\n\t\t\t\t\t\t\t<img fetchpriority=\"high\" decoding=\"async\" width=\"1638\" height=\"2048\" src=\"https:\/\/arielabramovich.com\/wp-content\/uploads\/2023\/01\/86733081_2553878608158924_703690078886559744_n.jpg\" class=\"attachment-full size-full wp-image-846\" alt=\"Ph. Pablo F. Juarez\" srcset=\"https:\/\/arielabramovich.com\/wp-content\/uploads\/2023\/01\/86733081_2553878608158924_703690078886559744_n.jpg 1638w, https:\/\/arielabramovich.com\/wp-content\/uploads\/2023\/01\/86733081_2553878608158924_703690078886559744_n-600x750.jpg 600w, https:\/\/arielabramovich.com\/wp-content\/uploads\/2023\/01\/86733081_2553878608158924_703690078886559744_n-240x300.jpg 240w, https:\/\/arielabramovich.com\/wp-content\/uploads\/2023\/01\/86733081_2553878608158924_703690078886559744_n-819x1024.jpg 819w, https:\/\/arielabramovich.com\/wp-content\/uploads\/2023\/01\/86733081_2553878608158924_703690078886559744_n-768x960.jpg 768w, https:\/\/arielabramovich.com\/wp-content\/uploads\/2023\/01\/86733081_2553878608158924_703690078886559744_n-1229x1536.jpg 1229w\" sizes=\"(max-width: 1638px) 100vw, 1638px\" \/>\t\t\t\t\t\t\t\t<\/a>\n\t\t\t\t\t\t\t\t\t\t\t<figcaption class=\"widget-image-caption wp-caption-text\">Ph. Pablo F. Juarez<\/figcaption>\n\t\t\t\t\t\t\t\t\t\t<\/figure>\n\t\t\t\t\t\t\t\t\t<\/div>\n\t\t\t\t<\/div>\n\t\t<div class=\"elementor-element elementor-element-076db2a e-con-full e-flex e-con e-child\" data-id=\"076db2a\" data-element_type=\"container\" data-e-type=\"container\" data-settings=\"{&quot;background_background&quot;:&quot;classic&quot;}\">\n\t\t\t\t<div class=\"elementor-element elementor-element-2dbe1e8 elementor-widget elementor-widget-text-editor\" data-id=\"2dbe1e8\" data-element_type=\"widget\" data-e-type=\"widget\" data-widget_type=\"text-editor.default\">\n\t\t\t\t\t\t\t\t\t<p>Nacido en Buenos Aires, el laudista y vihuelista argentino decide-desde su adolescencia-dedicarse en exclusiva a la m\u00fasica del Renacimiento, convirti\u00e9ndose en uno de los int\u00e9rpretes de referencia en el repertorio de vihuela de mano.<\/p><p>En 1996 se traslada a Suiza para estudiar con su maestro y mentor, Hopkinson Smith, en la prestigiosa Schola Cantorum Basiliensis.<\/p><p>M\u00e1s tarde, recibe clases del maestro Eug\u00e8ne Ferr\u00e9 en Francia.<\/p><p>Graba en 2001, para el sello Arcana, su primer proyecto discogr\u00e1fico, tambi\u00e9n el primer monogr\u00e1fico dedicado enteramente al vihuelista Estevan Da\u00e7a.<\/p><p>En 2008, dedica un segundo disco al vihuelista salmantino Diego Pisador, que publica el sello Carpe Diem.<\/p><p>En 2008 emprende un proyecto a d\u00fao junto al tenor brit\u00e1nico John Potter, revisitando la literatura de \u00ablute songs\u00bb inglesas.<\/p><p>En 2011 fundan- junto a Anna Maria Friman y Jacob Heringman- \u00abAlternative History Quartet\u00bb, con quienes graban para la casa ECM un primer disco, \u00abSecret History\u00bb, publicado en 2017. En 2015 ECM public\u00f3 la segunda grabaci\u00f3n del cuarteto, \u00abAmores Pasados\u00bb, para el que m\u00fasicos como Tony Banks (Genesis), Sting o John Paul Jones (Led Zeppelin) contribuyeron con obras in\u00e9ditas y\/o escritas especialmente para el cuarteto.<\/p><p>Funda en 2013, junto a la soprano Mar\u00eda Cristina Kiehr, el d\u00fao \u00abArmon\u00eda Concertada\u00bb, dedicado a la literatura ib\u00e9rica para voz y cuerda pulsada del SXVI. En 2019 la casa Arcana publica el primer disco del d\u00fao, \u00abImaginario: de un libro de m\u00fasica de vihuela\u00bb, primera reconstrucci\u00f3n de un cuaderno para cantar acompa\u00f1ado a la vihuela. En 2021, el sello Glossa publica el segundo disco del d\u00fao, \u201cThe Josquin Songbook\u201d, con intabulaciones de Josquin Desprez, para dos voces y vihuela.<\/p><p>Junto al tambi\u00e9n especialista en Renacimiento, Jacob Heringman, comparte un proyecto dedicado a intabulaciones para la\u00fades y vihuelas. Junto a \u00e9l graba en 2014 el disco \u00abCifras Imaginarias\u00bb, publicado en 2017 tambi\u00e9n por el sello Arcana.<\/p><p>Con el tenor e investigador argentino Jonatan Alvarado graban un primer disco a d\u00fao, \u00abThe Huehuetenango Songbook\u00bb, con reconstrucciones y versiones propias de m\u00fasica de manuscritos guatemaltecos del S XVI, que el sello Glossa publica en 2024.<\/p><p>Es miembro fundador del ensemble \u00abDa Tempera Velha\u00bb, y graba con ellos el disco \u00abThe Palacio Songbook\u00bb, con m\u00fasica de cancioneros ib\u00e9ricos tardomedievales, publicado por el sello Glossa en 2023.<\/p><p>Comparte adem\u00e1s, proyectos a d\u00fao con la soprano francesa Perrine Devillers, el tenor italiano Giovanni Cantarini y la soprano argentina Nadia Szachniuk.<\/p><p>Ha impartido e imparte regularmente clases magistrales en distintas partes del mundo.<\/p><p>Ha grabado para la m\u00edtica discogr\u00e1fica ECM, para los sellos Arcana, Carpe Diem y es artista del prestigioso sello Glossa.<\/p>\t\t\t\t\t\t\t\t<\/div>\n\t\t\t\t<\/div>\n\t\t\t\t\t<\/div>\n\t\t\t\t<\/div>\n\t\t<div class=\"elementor-element elementor-element-7ffcff6 e-flex e-con-boxed e-con e-parent\" data-id=\"7ffcff6\" data-element_type=\"container\" data-e-type=\"container\" data-settings=\"{&quot;background_background&quot;:&quot;classic&quot;}\">\n\t\t\t\t\t<div class=\"e-con-inner\">\n\t\t<div class=\"elementor-element elementor-element-f622ffd e-con-full e-flex e-con e-child\" data-id=\"f622ffd\" data-element_type=\"container\" data-e-type=\"container\">\n\t\t\t\t<div class=\"elementor-element elementor-element-3a3c476 elementor-widget elementor-widget-video\" data-id=\"3a3c476\" data-element_type=\"widget\" data-e-type=\"widget\" data-settings=\"{&quot;youtube_url&quot;:&quot;https:\\\/\\\/www.youtube.com\\\/watch?v=arbza8rKqLk&quot;,&quot;video_type&quot;:&quot;youtube&quot;,&quot;controls&quot;:&quot;yes&quot;}\" data-widget_type=\"video.default\">\n\t\t\t\t\t\t\t<div class=\"elementor-wrapper elementor-open-inline\">\n\t\t\t<div class=\"elementor-video\"><\/div>\t\t<\/div>\n\t\t\t\t\t\t<\/div>\n\t\t\t\t<\/div>\n\t\t\t\t\t<\/div>\n\t\t\t\t<\/div>\n\t\t\t\t<section class=\"elementor-section elementor-top-section elementor-element elementor-element-e01e9b6 elementor-section-boxed elementor-section-height-default elementor-section-height-default\" data-id=\"e01e9b6\" data-element_type=\"section\" data-e-type=\"section\" data-settings=\"{&quot;background_background&quot;:&quot;classic&quot;}\">\n\t\t\t\t\t\t<div class=\"elementor-container elementor-column-gap-default\">\n\t\t\t\t\t<div class=\"elementor-column elementor-col-100 elementor-top-column elementor-element elementor-element-0644df4\" data-id=\"0644df4\" data-element_type=\"column\" data-e-type=\"column\">\n\t\t\t<div class=\"elementor-widget-wrap elementor-element-populated\">\n\t\t\t\t\t\t<div class=\"elementor-element elementor-element-156fd65 elementor-widget elementor-widget-spacer\" data-id=\"156fd65\" data-element_type=\"widget\" data-e-type=\"widget\" data-widget_type=\"spacer.default\">\n\t\t\t\t\t\t\t<div class=\"elementor-spacer\">\n\t\t\t<div class=\"elementor-spacer-inner\"><\/div>\n\t\t<\/div>\n\t\t\t\t\t\t<\/div>\n\t\t\t\t\t<\/div>\n\t\t<\/div>\n\t\t\t\t\t<\/div>\n\t\t<\/section>\n\t\t\t\t<\/div>","protected":false},"excerpt":{"rendered":"<p>Ariel Abramovich Ph. Pablo F. Juarez Nacido en Buenos Aires, el laudista y vihuelista argentino decide-desde su adolescencia-dedicarse en exclusiva a la m\u00fasica del Renacimiento, convirti\u00e9ndose en uno de los int\u00e9rpretes de referencia en el repertorio de vihuela de mano. En 1996 se traslada a Suiza para estudiar con su maestro y mentor, Hopkinson Smith, [&hellip;]<\/p>\n","protected":false},"author":1,"featured_media":0,"parent":0,"menu_order":0,"comment_status":"closed","ping_status":"closed","template":"","meta":{"slim_seo":{"title":"Bio - Ariel Abramovich","description":"Ariel Abramovich Ph. Pablo F. Juarez Nacido en Buenos Aires, el laudista y vihuelista argentino decide-desde su adolescencia-dedicarse en exclusiva a la m\u00fasica"},"iawp_total_views":1138,"footnotes":""},"class_list":["post-107","page","type-page","status-publish","hentry"],"_links":{"self":[{"href":"https:\/\/arielabramovich.com\/en\/wp-json\/wp\/v2\/pages\/107","targetHints":{"allow":["GET"]}}],"collection":[{"href":"https:\/\/arielabramovich.com\/en\/wp-json\/wp\/v2\/pages"}],"about":[{"href":"https:\/\/arielabramovich.com\/en\/wp-json\/wp\/v2\/types\/page"}],"author":[{"embeddable":true,"href":"https:\/\/arielabramovich.com\/en\/wp-json\/wp\/v2\/users\/1"}],"replies":[{"embeddable":true,"href":"https:\/\/arielabramovich.com\/en\/wp-json\/wp\/v2\/comments?post=107"}],"version-history":[{"count":323,"href":"https:\/\/arielabramovich.com\/en\/wp-json\/wp\/v2\/pages\/107\/revisions"}],"predecessor-version":[{"id":5349,"href":"https:\/\/arielabramovich.com\/en\/wp-json\/wp\/v2\/pages\/107\/revisions\/5349"}],"wp:attachment":[{"href":"https:\/\/arielabramovich.com\/en\/wp-json\/wp\/v2\/media?parent=107"}],"curies":[{"name":"wp","href":"https:\/\/api.w.org\/{rel}","templated":true}]}}