{"id":4649,"date":"2024-02-27T11:36:03","date_gmt":"2024-02-27T11:36:03","guid":{"rendered":"https:\/\/arielabramovich.com\/?page_id=4649"},"modified":"2025-11-30T12:18:20","modified_gmt":"2025-11-30T12:18:20","slug":"clases","status":"publish","type":"page","link":"https:\/\/arielabramovich.com\/en\/clases\/","title":{"rendered":"Clases"},"content":{"rendered":"<div data-elementor-type=\"wp-page\" data-elementor-id=\"4649\" class=\"elementor elementor-4649\" data-elementor-post-type=\"page\">\n\t\t\t\t<div class=\"elementor-element elementor-element-430ff8b e-flex e-con-boxed e-con e-parent\" data-id=\"430ff8b\" data-element_type=\"container\" data-e-type=\"container\" data-settings=\"{&quot;background_background&quot;:&quot;classic&quot;}\">\n\t\t\t\t\t<div class=\"e-con-inner\">\n\t\t<div class=\"elementor-element elementor-element-bf5df61 e-con-full e-flex e-con e-child\" data-id=\"bf5df61\" data-element_type=\"container\" data-e-type=\"container\">\n\t\t\t\t<\/div>\n\t\t\t\t\t<\/div>\n\t\t\t\t<\/div>\n\t\t<div class=\"elementor-element elementor-element-26135a2 e-flex e-con-boxed e-con e-parent\" data-id=\"26135a2\" data-element_type=\"container\" data-e-type=\"container\" data-settings=\"{&quot;background_background&quot;:&quot;classic&quot;}\">\n\t\t\t\t\t<div class=\"e-con-inner\">\n\t\t<div class=\"elementor-element elementor-element-d845488 e-con-full e-flex e-con e-child\" data-id=\"d845488\" data-element_type=\"container\" data-e-type=\"container\" data-settings=\"{&quot;background_background&quot;:&quot;classic&quot;}\">\n\t\t\t\t<div class=\"elementor-element elementor-element-3a8f198 elementor-widget elementor-widget-text-editor\" data-id=\"3a8f198\" data-element_type=\"widget\" data-e-type=\"widget\" data-widget_type=\"text-editor.default\">\n\t\t\t\t\t\t\t\t\t<p>Classes<\/p>\t\t\t\t\t\t\t\t<\/div>\n\t\t\t\t<div class=\"elementor-element elementor-element-6fc4f51 elementor-widget elementor-widget-image\" data-id=\"6fc4f51\" data-element_type=\"widget\" data-e-type=\"widget\" data-widget_type=\"image.default\">\n\t\t\t\t\t\t\t\t\t\t\t\t<figure class=\"wp-caption\">\n\t\t\t\t\t\t\t\t\t\t\t<a href=\"https:\/\/www.instagram.com\/pablofjuarez\/\" target=\"_blank\">\n\t\t\t\t\t\t\t<img fetchpriority=\"high\" decoding=\"async\" width=\"1706\" height=\"2560\" src=\"https:\/\/arielabramovich.com\/wp-content\/uploads\/2023\/07\/\u00a9PFJUAREZ-ARIEL_RETIRO-6-scaled.jpg\" class=\"attachment-full size-full wp-image-3053\" alt=\"\" srcset=\"https:\/\/arielabramovich.com\/wp-content\/uploads\/2023\/07\/\u00a9PFJUAREZ-ARIEL_RETIRO-6-scaled.jpg 1706w, https:\/\/arielabramovich.com\/wp-content\/uploads\/2023\/07\/\u00a9PFJUAREZ-ARIEL_RETIRO-6-scaled-600x900.jpg 600w, https:\/\/arielabramovich.com\/wp-content\/uploads\/2023\/07\/\u00a9PFJUAREZ-ARIEL_RETIRO-6-200x300.jpg 200w, https:\/\/arielabramovich.com\/wp-content\/uploads\/2023\/07\/\u00a9PFJUAREZ-ARIEL_RETIRO-6-683x1024.jpg 683w, https:\/\/arielabramovich.com\/wp-content\/uploads\/2023\/07\/\u00a9PFJUAREZ-ARIEL_RETIRO-6-768x1152.jpg 768w, https:\/\/arielabramovich.com\/wp-content\/uploads\/2023\/07\/\u00a9PFJUAREZ-ARIEL_RETIRO-6-1024x1536.jpg 1024w, https:\/\/arielabramovich.com\/wp-content\/uploads\/2023\/07\/\u00a9PFJUAREZ-ARIEL_RETIRO-6-1365x2048.jpg 1365w, https:\/\/arielabramovich.com\/wp-content\/uploads\/2023\/07\/\u00a9PFJUAREZ-ARIEL_RETIRO-6-8x12.jpg 8w\" sizes=\"(max-width: 1706px) 100vw, 1706px\" \/>\t\t\t\t\t\t\t\t<\/a>\n\t\t\t\t\t\t\t\t\t\t\t<figcaption class=\"widget-image-caption wp-caption-text\">Ph. Pablo F. Juarez<\/figcaption>\n\t\t\t\t\t\t\t\t\t\t<\/figure>\n\t\t\t\t\t\t\t\t\t<\/div>\n\t\t\t\t<\/div>\n\t\t<div class=\"elementor-element elementor-element-076db2a e-con-full e-flex e-con e-child\" data-id=\"076db2a\" data-element_type=\"container\" data-e-type=\"container\" data-settings=\"{&quot;background_background&quot;:&quot;classic&quot;}\">\n\t\t\t\t<div class=\"elementor-element elementor-element-975f790 elementor-widget elementor-widget-text-editor\" data-id=\"975f790\" data-element_type=\"widget\" data-e-type=\"widget\" data-widget_type=\"text-editor.default\">\n\t\t\t\t\t\t\t\t\t<p>Hace muchos a\u00f1os que me dedico a la ense\u00f1anza, en paralelo a mi actividad concert\u00edstica.<br \/>Tuve la oportunidad de impartir clases magistrales en distintos conservatorios del mundo y soy invitado con regularidad por distintas instituciones educativas.<br \/>Tambi\u00e9n impart\u00ed clases particulares- presenciales y on-line- a alumnos de distintos lugares del mundo, algunos de ellos hoy reconocidos profesionales.<\/p><p>A partir de la demanda de alumnos\/as que est\u00e1n lejos pero que desean estudiar conmigo, estoy abriendo un espacio online para que los\/as interesados\/as tengan la oportunidad de tomar clases desde cualquier parte del mundo.<\/p><p>\u00bfQu\u00e9 ofrezco? <br \/>Una ense\u00f1anza personalizada en funci\u00f3n de tus expectativas, que te permita acercarte todo lo posible a tus ideales como m\u00fasico.<br \/>Un trabajo t\u00e9cnico personalizado que aborde aquello fundamental (cuestiones posturales, ergonom\u00eda, etc) y que potencie todos los recursos necesarios para hacer m\u00fasica de la manera que te resulte m\u00e1s satisfactoria.<\/p><p>Mi ense\u00f1anza est\u00e1 dedicada exclusivamente a la m\u00fasica del Renacimiento para la\u00fad, vihuela y guitarra renacentista. Ofrezco clases a guitarristas cl\u00e1sicos interesados en profundizar su experiencia en estos repertorios.<\/p><p>\u00bfQui\u00e9nes pueden estudiar conmigo?<br \/>Tanto si eres principiante y empiezas de 0 con el instrumento, como si llevas a\u00f1os tocando y estudiando y eres ya profesional, estar\u00e9 encantado de escucharte y de ayudarte.<br \/>Tendr\u00e1s un espacio de trabajo y crecimiento dise\u00f1ado a tu medida, en el que podr\u00e1s plantear todas tus dudas sobre el instrumento y su m\u00fasica.<\/p><p>\u00bfC\u00f3mo reservar tus clases?<br \/>Ver\u00e1s mis d\u00edas y horarios disponibles en el calendario, donde podr\u00e1s reservar el tuyo.<\/p><p>Para resolver cualquier duda, puedes escribirme a arielgustavoabramovich@gmail.com<\/p>\t\t\t\t\t\t\t\t<\/div>\n\t\t\t\t<\/div>\n\t\t\t\t\t<\/div>\n\t\t\t\t<\/div>\n\t\t<div class=\"elementor-element elementor-element-f935173 e-flex e-con-boxed e-con e-parent\" data-id=\"f935173\" data-element_type=\"container\" data-e-type=\"container\" data-settings=\"{&quot;background_background&quot;:&quot;classic&quot;}\">\n\t\t\t\t\t<div class=\"e-con-inner\">\n\t\t<div class=\"elementor-element elementor-element-e645b7b e-con-full e-flex e-con e-child\" data-id=\"e645b7b\" data-element_type=\"container\" data-e-type=\"container\" data-settings=\"{&quot;background_background&quot;:&quot;classic&quot;}\">\n\t\t<div class=\"elementor-element elementor-element-f38911a e-con-full e-flex e-con e-child\" data-id=\"f38911a\" data-element_type=\"container\" data-e-type=\"container\">\n\t\t\t\t<div class=\"elementor-element elementor-element-04a6b42 elementor-widget elementor-widget-image\" data-id=\"04a6b42\" data-element_type=\"widget\" data-e-type=\"widget\" data-widget_type=\"image.default\">\n\t\t\t\t\t\t\t\t\t\t\t\t\t\t\t<img decoding=\"async\" width=\"800\" height=\"601\" src=\"https:\/\/arielabramovich.com\/wp-content\/uploads\/2025\/01\/Instagram-01-03-2025_10_17_AM-1024x769.png\" class=\"attachment-large size-large wp-image-4974\" alt=\"Instagram 01 03 2025 10 17 Am\" srcset=\"https:\/\/arielabramovich.com\/wp-content\/uploads\/2025\/01\/Instagram-01-03-2025_10_17_AM-1024x769.png 1024w, https:\/\/arielabramovich.com\/wp-content\/uploads\/2025\/01\/Instagram-01-03-2025_10_17_AM-300x225.png 300w, https:\/\/arielabramovich.com\/wp-content\/uploads\/2025\/01\/Instagram-01-03-2025_10_17_AM-768x577.png 768w, https:\/\/arielabramovich.com\/wp-content\/uploads\/2025\/01\/Instagram-01-03-2025_10_17_AM-1536x1153.png 1536w, https:\/\/arielabramovich.com\/wp-content\/uploads\/2025\/01\/Instagram-01-03-2025_10_17_AM-2048x1538.png 2048w, https:\/\/arielabramovich.com\/wp-content\/uploads\/2025\/01\/Instagram-01-03-2025_10_17_AM-16x12.png 16w, https:\/\/arielabramovich.com\/wp-content\/uploads\/2025\/01\/Instagram-01-03-2025_10_17_AM-600x451.png 600w\" sizes=\"(max-width: 800px) 100vw, 800px\" \/>\t\t\t\t\t\t\t\t\t\t\t\t\t\t\t<\/div>\n\t\t\t\t<\/div>\n\t\t<div class=\"elementor-element elementor-element-36d83d8 e-con-full e-flex e-con e-child\" data-id=\"36d83d8\" data-element_type=\"container\" data-e-type=\"container\">\n\t\t\t\t<div class=\"elementor-element elementor-element-07ab8be elementor-widget elementor-widget-spacer\" data-id=\"07ab8be\" data-element_type=\"widget\" data-e-type=\"widget\" data-widget_type=\"spacer.default\">\n\t\t\t\t\t\t\t<div class=\"elementor-spacer\">\n\t\t\t<div class=\"elementor-spacer-inner\"><\/div>\n\t\t<\/div>\n\t\t\t\t\t\t<\/div>\n\t\t\t\t<div class=\"elementor-element elementor-element-664688a elementor-widget elementor-widget-heading\" data-id=\"664688a\" data-element_type=\"widget\" data-e-type=\"widget\" data-widget_type=\"heading.default\">\n\t\t\t\t\t<h5 class=\"elementor-heading-title elementor-size-default\">Reserva tu clase<\/h5>\t\t\t\t<\/div>\n\t\t\t\t<div class=\"elementor-element elementor-element-d3bdd74 elementor-widget elementor-widget-spacer\" data-id=\"d3bdd74\" data-element_type=\"widget\" data-e-type=\"widget\" data-widget_type=\"spacer.default\">\n\t\t\t\t\t\t\t<div class=\"elementor-spacer\">\n\t\t\t<div class=\"elementor-spacer-inner\"><\/div>\n\t\t<\/div>\n\t\t\t\t\t\t<\/div>\n\t\t\t\t<div class=\"elementor-element elementor-element-f1b0bbd elementor-widget elementor-widget-shortcode\" data-id=\"f1b0bbd\" data-element_type=\"widget\" data-e-type=\"widget\" data-widget_type=\"shortcode.default\">\n\t\t\t\t\t\t\t<div class=\"elementor-shortcode\"><div class=\"fcal_cal_wrap fcal-light-mode\">\n    <div class=\"fluent_booking_app\" data-calendar_id=\"1\"\n         data-event_id=\"1\"><\/div>\n    <\/div>\n\n<style>\n    .fcal_phone_wrapper .flag {\n        background: url(https:\/\/arielabramovich.com\/wp-content\/plugins\/fluent-booking\/assets\/images\/flags_responsive.png) no-repeat;\n        background-size: 100%;\n    }\n<\/style>\n<\/div>\n\t\t\t\t\t\t<\/div>\n\t\t\t\t<\/div>\n\t\t\t\t<\/div>\n\t\t\t\t\t<\/div>\n\t\t\t\t<\/div>\n\t\t<div class=\"elementor-element elementor-element-a891bfe e-flex e-con-boxed e-con e-parent\" data-id=\"a891bfe\" data-element_type=\"container\" data-e-type=\"container\" data-settings=\"{&quot;background_background&quot;:&quot;classic&quot;}\">\n\t\t\t\t\t<div class=\"e-con-inner\">\n\t\t\t\t<div class=\"elementor-element elementor-element-e63cf27 elementor-widget elementor-widget-spacer\" data-id=\"e63cf27\" data-element_type=\"widget\" data-e-type=\"widget\" data-widget_type=\"spacer.default\">\n\t\t\t\t\t\t\t<div class=\"elementor-spacer\">\n\t\t\t<div class=\"elementor-spacer-inner\"><\/div>\n\t\t<\/div>\n\t\t\t\t\t\t<\/div>\n\t\t\t\t\t<\/div>\n\t\t\t\t<\/div>\n\t\t<div class=\"elementor-element elementor-element-1114aad e-flex e-con-boxed e-con e-parent\" data-id=\"1114aad\" data-element_type=\"container\" data-e-type=\"container\" data-settings=\"{&quot;background_background&quot;:&quot;classic&quot;}\">\n\t\t\t\t\t<div class=\"e-con-inner\">\n\t\t\t\t<div class=\"elementor-element elementor-element-2d3dc63 elementor-widget-divider--view-line elementor-widget elementor-widget-divider\" data-id=\"2d3dc63\" data-element_type=\"widget\" data-e-type=\"widget\" data-widget_type=\"divider.default\">\n\t\t\t\t\t\t\t<div class=\"elementor-divider\">\n\t\t\t<span class=\"elementor-divider-separator\">\n\t\t\t\t\t\t<\/span>\n\t\t<\/div>\n\t\t\t\t\t\t<\/div>\n\t\t\t\t\t<\/div>\n\t\t\t\t<\/div>\n\t\t<div class=\"elementor-element elementor-element-89ed869 e-flex e-con-boxed e-con e-parent\" data-id=\"89ed869\" data-element_type=\"container\" data-e-type=\"container\" data-settings=\"{&quot;background_background&quot;:&quot;classic&quot;}\">\n\t\t\t\t\t<div class=\"e-con-inner\">\n\t\t\t\t<div class=\"elementor-element elementor-element-9810b68 elementor-widget elementor-widget-heading\" data-id=\"9810b68\" data-element_type=\"widget\" data-e-type=\"widget\" data-widget_type=\"heading.default\">\n\t\t\t\t\t<h2 class=\"elementor-heading-title elementor-size-default\">Testimonials<\/h2>\t\t\t\t<\/div>\n\t\t\t\t\t<\/div>\n\t\t\t\t<\/div>\n\t\t<div class=\"elementor-element elementor-element-4b434771 e-con-full e-flex e-con e-parent\" data-id=\"4b434771\" data-element_type=\"container\" data-e-type=\"container\" data-settings=\"{&quot;background_background&quot;:&quot;classic&quot;}\">\n\t\t<div class=\"elementor-element elementor-element-6267c5df e-flex e-con-boxed e-con e-child\" data-id=\"6267c5df\" data-element_type=\"container\" data-e-type=\"container\">\n\t\t\t\t\t<div class=\"e-con-inner\">\n\t\t\t\t\t<\/div>\n\t\t\t\t<\/div>\n\t\t<div class=\"elementor-element elementor-element-7d6b3d96 e-flex e-con-boxed e-con e-child\" data-id=\"7d6b3d96\" data-element_type=\"container\" data-e-type=\"container\">\n\t\t\t\t\t<div class=\"e-con-inner\">\n\t\t\t\t<div class=\"elementor-element elementor-element-51424c27 elementor-widget__width-initial elementor-widget-mobile__width-inherit elementor-invisible elementor-widget elementor-widget-testimonial\" data-id=\"51424c27\" data-element_type=\"widget\" data-e-type=\"widget\" data-settings=\"{&quot;_animation&quot;:&quot;fadeInUp&quot;}\" data-widget_type=\"testimonial.default\">\n\t\t\t\t\t\t\t<div class=\"elementor-testimonial-wrapper\">\n\t\t\t\t\t\t\t<div class=\"elementor-testimonial-content\">Ariel\u2019s knowledge and love for the repertoire is second to none. His tips for studying each piece, in technical and stylistic matters, are those of a top class lutenist with ample experience. He understands each student\u2019s level and capacities and guides them with technique routines and methodical ways of studying polyphonic music on the lute and vihuela.\u05f4<\/div>\n\t\t\t\n\t\t\t\t\t\t<div class=\"elementor-testimonial-meta\">\n\t\t\t\t<div class=\"elementor-testimonial-meta-inner\">\n\t\t\t\t\t\n\t\t\t\t\t\t\t\t\t\t<div class=\"elementor-testimonial-details\">\n\t\t\t\t\t\t\t\t\t\t\t\t\t\t<div class=\"elementor-testimonial-name\">Pablo Fitzgerald<\/div>\n\t\t\t\t\t\t\t\t\t\t\t\t\t\t\t\t\t\t\t<\/div>\n\t\t\t\t\t\t\t\t\t<\/div>\n\t\t\t<\/div>\n\t\t\t\t\t<\/div>\n\t\t\t\t\t\t<\/div>\n\t\t\t\t<div class=\"elementor-element elementor-element-44d6cd88 elementor-widget__width-initial elementor-widget-mobile__width-inherit elementor-invisible elementor-widget elementor-widget-testimonial\" data-id=\"44d6cd88\" data-element_type=\"widget\" data-e-type=\"widget\" data-settings=\"{&quot;_animation&quot;:&quot;fadeInUp&quot;}\" data-widget_type=\"testimonial.default\">\n\t\t\t\t\t\t\t<div class=\"elementor-testimonial-wrapper\">\n\t\t\t\t\t\t\t<div class=\"elementor-testimonial-content\">\u201cAriel\u2019s lessons show you how to craft delicate, refined music through precise technique.\nDuring the pandemic, his lessons were a great source of comfort for me.\nThey have the power to transform your music.\u05f4<\/div>\n\t\t\t\n\t\t\t\t\t\t<div class=\"elementor-testimonial-meta\">\n\t\t\t\t<div class=\"elementor-testimonial-meta-inner\">\n\t\t\t\t\t\n\t\t\t\t\t\t\t\t\t\t<div class=\"elementor-testimonial-details\">\n\t\t\t\t\t\t\t\t\t\t\t\t\t\t<div class=\"elementor-testimonial-name\">Jung Min Kim<\/div>\n\t\t\t\t\t\t\t\t\t\t\t\t\t\t\t\t\t\t\t<\/div>\n\t\t\t\t\t\t\t\t\t<\/div>\n\t\t\t<\/div>\n\t\t\t\t\t<\/div>\n\t\t\t\t\t\t<\/div>\n\t\t\t\t<div class=\"elementor-element elementor-element-47587a63 elementor-widget__width-initial elementor-widget-mobile__width-inherit elementor-invisible elementor-widget elementor-widget-testimonial\" data-id=\"47587a63\" data-element_type=\"widget\" data-e-type=\"widget\" data-settings=\"{&quot;_animation&quot;:&quot;fadeInUp&quot;,&quot;_animation_delay&quot;:&quot;200&quot;}\" data-widget_type=\"testimonial.default\">\n\t\t\t\t\t\t\t<div class=\"elementor-testimonial-wrapper\">\n\t\t\t\t\t\t\t<div class=\"elementor-testimonial-content\">\u201cCuando me inici\u00e9 en el mundo del la\u00fad renacentista, Ariel me mostr\u00f3 una nueva forma de interpretar, a nivel est\u00e9tico y t\u00e9cnico este repertorio. Lo considero un gran profesional de la cuerda pulsada y os animo a trabajar con \u00e9l.\u05f4<\/div>\n\t\t\t\n\t\t\t\t\t\t<div class=\"elementor-testimonial-meta\">\n\t\t\t\t<div class=\"elementor-testimonial-meta-inner\">\n\t\t\t\t\t\n\t\t\t\t\t\t\t\t\t\t<div class=\"elementor-testimonial-details\">\n\t\t\t\t\t\t\t\t\t\t\t\t\t\t<div class=\"elementor-testimonial-name\">Alejandro Sosa Chac\u00f3n <\/div>\n\t\t\t\t\t\t\t\t\t\t\t\t\t\t\t\t\t\t\t<\/div>\n\t\t\t\t\t\t\t\t\t<\/div>\n\t\t\t<\/div>\n\t\t\t\t\t<\/div>\n\t\t\t\t\t\t<\/div>\n\t\t\t\t<div class=\"elementor-element elementor-element-7c58a4e elementor-widget__width-initial elementor-widget-mobile__width-inherit elementor-invisible elementor-widget elementor-widget-testimonial\" data-id=\"7c58a4e\" data-element_type=\"widget\" data-e-type=\"widget\" data-settings=\"{&quot;_animation&quot;:&quot;fadeInUp&quot;,&quot;_animation_delay&quot;:&quot;200&quot;}\" data-widget_type=\"testimonial.default\">\n\t\t\t\t\t\t\t<div class=\"elementor-testimonial-wrapper\">\n\t\t\t\t\t\t\t<div class=\"elementor-testimonial-content\">\"Ariel is very passionate about music and particularly the repertoire for the vihuela. He has profound knowledge about technique and many of the things he said to me in the lessons still resonate with me almost every time I start practising.\u201c\n<\/div>\n\t\t\t\n\t\t\t\t\t\t<div class=\"elementor-testimonial-meta\">\n\t\t\t\t<div class=\"elementor-testimonial-meta-inner\">\n\t\t\t\t\t\n\t\t\t\t\t\t\t\t\t\t<div class=\"elementor-testimonial-details\">\n\t\t\t\t\t\t\t\t\t\t\t\t\t\t<div class=\"elementor-testimonial-name\">Reto Gasser<\/div>\n\t\t\t\t\t\t\t\t\t\t\t\t\t\t\t\t\t\t\t<\/div>\n\t\t\t\t\t\t\t\t\t<\/div>\n\t\t\t<\/div>\n\t\t\t\t\t<\/div>\n\t\t\t\t\t\t<\/div>\n\t\t\t\t\t<\/div>\n\t\t\t\t<\/div>\n\t\t<div class=\"elementor-element elementor-element-f6a2aa0 e-flex e-con-boxed e-con e-child\" data-id=\"f6a2aa0\" data-element_type=\"container\" data-e-type=\"container\" data-settings=\"{&quot;background_background&quot;:&quot;classic&quot;}\">\n\t\t\t\t\t<div class=\"e-con-inner\">\n\t\t<div class=\"elementor-element elementor-element-5b15e30 e-con-full e-flex e-con e-child\" data-id=\"5b15e30\" data-element_type=\"container\" data-e-type=\"container\">\n\t\t\t\t<div class=\"elementor-element elementor-element-4e2395c elementor-widget elementor-widget-image\" data-id=\"4e2395c\" data-element_type=\"widget\" data-e-type=\"widget\" data-widget_type=\"image.default\">\n\t\t\t\t\t\t\t\t\t\t\t\t\t\t\t<img decoding=\"async\" width=\"800\" height=\"518\" src=\"https:\/\/arielabramovich.com\/wp-content\/uploads\/2023\/03\/Ariel-Abramovich-ariel_abramovich_lute-\u2022-Fotos-y-videos-de-Instagram.png\" class=\"attachment-large size-large wp-image-2589\" alt=\"Ariel Abramovich ariel abramovich lute\" srcset=\"https:\/\/arielabramovich.com\/wp-content\/uploads\/2023\/03\/Ariel-Abramovich-ariel_abramovich_lute-\u2022-Fotos-y-videos-de-Instagram.png 914w, https:\/\/arielabramovich.com\/wp-content\/uploads\/2023\/03\/Ariel-Abramovich-ariel_abramovich_lute-\u2022-Fotos-y-videos-de-Instagram-600x389.png 600w, https:\/\/arielabramovich.com\/wp-content\/uploads\/2023\/03\/Ariel-Abramovich-ariel_abramovich_lute-\u2022-Fotos-y-videos-de-Instagram-300x194.png 300w, https:\/\/arielabramovich.com\/wp-content\/uploads\/2023\/03\/Ariel-Abramovich-ariel_abramovich_lute-\u2022-Fotos-y-videos-de-Instagram-768x497.png 768w\" sizes=\"(max-width: 800px) 100vw, 800px\" \/>\t\t\t\t\t\t\t\t\t\t\t\t\t\t\t<\/div>\n\t\t\t\t<\/div>\n\t\t<div class=\"elementor-element elementor-element-59e1de9 e-con-full e-flex e-con e-child\" data-id=\"59e1de9\" data-element_type=\"container\" data-e-type=\"container\">\n\t\t\t\t<div class=\"elementor-element elementor-element-ff2879d elementor-widget elementor-widget-heading\" data-id=\"ff2879d\" data-element_type=\"widget\" data-e-type=\"widget\" data-widget_type=\"heading.default\">\n\t\t\t\t\t<h5 class=\"elementor-heading-title elementor-size-default\">Some points to keep in mind to prepare the class correctly:<\/h5>\t\t\t\t<\/div>\n\t\t\t\t<div class=\"elementor-element elementor-element-8c56e45 elementor-widget elementor-widget-text-editor\" data-id=\"8c56e45\" data-element_type=\"widget\" data-e-type=\"widget\" data-widget_type=\"text-editor.default\">\n\t\t\t\t\t\t\t\t\t<p>1- Access via a desktop or laptop device with sufficient battery power for a video call of approximately 60 minutes. We recommend starting the call with battery levels above 80% of its maximum capacity.<br \/>2- Be in a quiet environment, without ambient noise and without the possibility of interruptions.<br \/>3- You must have a good internet connection, either via Wi-Fi or LTE or 4G mobile network or higher.<br \/>4- La video-llamada se realizar\u00e1 a trav\u00e9s de Google Meet y Ud. puede acceder desde el navegador web o su dispositivo m\u00f3vil. M\u00e1s info sobre GOOGLE MEET <a href=\"https:\/\/meet.google.com\/landing?pli=1\">aqu\u00ed<\/a>.<\/p><p>IF YOU HAVE ANY QUESTIONS OR CONSULTATIONS, please send a message to arielgustavoabramovich@gmail.com<\/p>\t\t\t\t\t\t\t\t<\/div>\n\t\t\t\t<\/div>\n\t\t\t\t\t<\/div>\n\t\t\t\t<\/div>\n\t\t\t\t<\/div>\n\t\t\t\t<\/div>","protected":false},"excerpt":{"rendered":"<p>Clases Online Ph. Pablo F. Juarez Hace muchos a\u00f1os que me dedico a la ense\u00f1anza, en paralelo a mi actividad concert\u00edstica.Tuve la oportunidad de impartir clases magistrales en distintos conservatorios del mundo y soy invitado con regularidad por distintas instituciones educativas.Tambi\u00e9n impart\u00ed clases particulares- presenciales y on-line- a alumnos de distintos lugares del mundo, algunos [&hellip;]<\/p>\n","protected":false},"author":1,"featured_media":0,"parent":0,"menu_order":0,"comment_status":"closed","ping_status":"closed","template":"","meta":{"slim_seo":{"title":"Clases - Ariel Abramovich","description":"Clases Online Ph. Pablo F. Juarez Hace muchos a\u00f1os que me dedico a la ense\u00f1anza, en paralelo a mi actividad concert\u00edstica. Tuve la oportunidad de impartir clase"},"iawp_total_views":442,"footnotes":""},"class_list":["post-4649","page","type-page","status-publish","hentry"],"_links":{"self":[{"href":"https:\/\/arielabramovich.com\/en\/wp-json\/wp\/v2\/pages\/4649","targetHints":{"allow":["GET"]}}],"collection":[{"href":"https:\/\/arielabramovich.com\/en\/wp-json\/wp\/v2\/pages"}],"about":[{"href":"https:\/\/arielabramovich.com\/en\/wp-json\/wp\/v2\/types\/page"}],"author":[{"embeddable":true,"href":"https:\/\/arielabramovich.com\/en\/wp-json\/wp\/v2\/users\/1"}],"replies":[{"embeddable":true,"href":"https:\/\/arielabramovich.com\/en\/wp-json\/wp\/v2\/comments?post=4649"}],"version-history":[{"count":142,"href":"https:\/\/arielabramovich.com\/en\/wp-json\/wp\/v2\/pages\/4649\/revisions"}],"predecessor-version":[{"id":5258,"href":"https:\/\/arielabramovich.com\/en\/wp-json\/wp\/v2\/pages\/4649\/revisions\/5258"}],"wp:attachment":[{"href":"https:\/\/arielabramovich.com\/en\/wp-json\/wp\/v2\/media?parent=4649"}],"curies":[{"name":"wp","href":"https:\/\/api.w.org\/{rel}","templated":true}]}}