{"id":3800,"date":"2024-01-10T15:05:37","date_gmt":"2024-01-10T15:05:37","guid":{"rendered":"https:\/\/arielabramovich.com\/?post_type=product&#038;p=3800"},"modified":"2025-01-03T13:37:00","modified_gmt":"2025-01-03T13:37:00","slug":"imaginario-de-un-libro-de-musica-de-vihuela","status":"publish","type":"product","link":"https:\/\/arielabramovich.com\/en\/product\/imaginario-de-un-libro-de-musica-de-vihuela\/","title":{"rendered":"Imaginario: De un libro de M\u00fasica de Vihuela"},"content":{"rendered":"<p style=\"text-align: center;\">Imaginario: De un libro de M\u00fasica de Vihuela<\/p>\n<p>The brilliant soprano Mar\u00eda Cristina Kiehr, together with lutenist-vihuelist Ariel Abramovich, presents her first solo album devoted to Renaissance music. With her broad experience in sixteenth-century polyphonic repertoire (in La Colombina and Ensemble Daedelus, among others), and a project almost completely using her native language, Kiehr brings to the music of Spain\u2019s Golden Age her own unique perspective.<br \/>\nImaginario reconstructs an imaginary and unknown book of vihuela songs, inspired by the seven marvellous books published between 1536 and 1576, but this time as if published in Valladolid or Seville between 1570 and 1580. Constructed in the shadow of the earlier books, each one of its songs makes reference either in its music or text to another song from those earlier books.<br \/>\nThe vihuelist Jacob Heringman, together with whom Abramovich created and recorded Cifras imaginarias (Arcana A428) is also part of this project, together with the mythical British tenor John Potter, ex Hilliard Ensemble and ECM artist, who performs an enigmatic piece for tenor and vihuela.<br \/>\nA unique project, in every sense of the word, this stretch of the imagination takes the recorded repertory of the Spanish Renaissance one step further, venturing into the world of musical fiction based on a blend of creativity and science, and with a team of researchers difficult to surpass.<\/p>","protected":false},"excerpt":{"rendered":"<p>Imaginario: De un libro de M\u00fasica de Vihuela The brilliant soprano Mar\u00eda Cristina Kiehr, together with lutenist-vihuelist Ariel Abramovich, presents her first solo album devoted to Renaissance music. With her broad experience in sixteenth-century polyphonic repertoire (in La Colombina and Ensemble Daedelus, among others), and a project almost completely using her native language, Kiehr brings [&hellip;]<\/p>\n","protected":false},"featured_media":1249,"comment_status":"open","ping_status":"closed","template":"","meta":{"slim_seo":{"title":"Imaginario: De un libro de M\u00fasica de Vihuela - Ariel Abramovich","description":"Imaginario: De un libro de M\u00fasica de Vihuela The brilliant soprano Mar\u00eda Cristina Kiehr, together with lutenist-vihuelist Ariel Abramovich, presents her first s"},"iawp_total_views":32},"product_brand":[],"product_cat":[19],"product_tag":[],"class_list":{"0":"post-3800","1":"product","2":"type-product","3":"status-publish","4":"has-post-thumbnail","6":"product_cat-early-music","8":"first","9":"instock","10":"shipping-taxable","11":"purchasable","12":"product-type-simple"},"_links":{"self":[{"href":"https:\/\/arielabramovich.com\/en\/wp-json\/wp\/v2\/product\/3800","targetHints":{"allow":["GET"]}}],"collection":[{"href":"https:\/\/arielabramovich.com\/en\/wp-json\/wp\/v2\/product"}],"about":[{"href":"https:\/\/arielabramovich.com\/en\/wp-json\/wp\/v2\/types\/product"}],"replies":[{"embeddable":true,"href":"https:\/\/arielabramovich.com\/en\/wp-json\/wp\/v2\/comments?post=3800"}],"wp:featuredmedia":[{"embeddable":true,"href":"https:\/\/arielabramovich.com\/en\/wp-json\/wp\/v2\/media\/1249"}],"wp:attachment":[{"href":"https:\/\/arielabramovich.com\/en\/wp-json\/wp\/v2\/media?parent=3800"}],"wp:term":[{"taxonomy":"product_brand","embeddable":true,"href":"https:\/\/arielabramovich.com\/en\/wp-json\/wp\/v2\/product_brand?post=3800"},{"taxonomy":"product_cat","embeddable":true,"href":"https:\/\/arielabramovich.com\/en\/wp-json\/wp\/v2\/product_cat?post=3800"},{"taxonomy":"product_tag","embeddable":true,"href":"https:\/\/arielabramovich.com\/en\/wp-json\/wp\/v2\/product_tag?post=3800"}],"curies":[{"name":"wp","href":"https:\/\/api.w.org\/{rel}","templated":true}]}}